{"id":903,"date":"2024-09-04T13:49:18","date_gmt":"2024-09-04T11:49:18","guid":{"rendered":"https:\/\/rennovabarcelona.com\/contacte\/"},"modified":"2025-07-30T12:26:51","modified_gmt":"2025-07-30T10:26:51","slug":"contacte","status":"publish","type":"page","link":"https:\/\/rennovabarcelona.com\/ca\/contacte\/","title":{"rendered":"Contacte"},"content":{"rendered":"<p>[et_pb_section fb_built=&#8221;1&#8243; _builder_version=&#8221;4.25.2&#8243; _module_preset=&#8221;default&#8221; background_enable_color=&#8221;off&#8221; custom_margin=&#8221;0px||0px||true|false&#8221; custom_padding=&#8221;0px||0px||true|false&#8221; background_last_edited=&#8221;off|desktop&#8221; use_background_color_gradient_tablet=&#8221;off&#8221; locked=&#8221;off&#8221; global_colors_info=&#8221;{}&#8221;][et_pb_row column_structure=&#8221;3_5,2_5&#8243; make_equal=&#8221;on&#8221; _builder_version=&#8221;4.25.2&#8243; _module_preset=&#8221;default&#8221; custom_padding=&#8221;0px||0px||true|false&#8221; global_colors_info=&#8221;{}&#8221;][et_pb_column type=&#8221;3_5&#8243; _builder_version=&#8221;4.25.2&#8243; _module_preset=&#8221;default&#8221; background_color=&#8221;#FFFFFF&#8221; global_colors_info=&#8221;{}&#8221;][et_pb_text _builder_version=&#8221;4.25.2&#8243; _module_preset=&#8221;default&#8221; text_font=&#8221;|300|||||||&#8221; text_font_size=&#8221;18px&#8221; custom_margin=&#8221;||1em||false|false&#8221; global_colors_info=&#8221;{}&#8221;]<\/p>\n<p>CONTACTE<\/p>\n<p>[\/et_pb_text][et_pb_text _builder_version=&#8221;4.25.2&#8243; _module_preset=&#8221;default&#8221; header_font_size=&#8221;42px&#8221; header_line_height=&#8221;1.2em&#8221; custom_margin=&#8221;||1em||false|false&#8221; header_font_size_tablet=&#8221;42px&#8221; header_font_size_phone=&#8221;30px&#8221; header_font_size_last_edited=&#8221;on|phone&#8221; global_colors_info=&#8221;{}&#8221;]<\/p>\n<h1>Et podem ajudar?<\/h1>\n<p>[\/et_pb_text][et_pb_text _builder_version=&#8221;4.25.2&#8243; _module_preset=&#8221;default&#8221; global_colors_info=&#8221;{}&#8221;]<\/p>\n<p>A Rennova, som aqu\u00ed <strong>per a ajudar-te a transformar els teus espais<\/strong>. Contacta&#8217;ns avui per a discutir el teu projecte de reforma i descobreix com podem fer realitat les teves idees.<\/p>\n<p><strong>El nostre equip d&#8217;experts en reformes est\u00e0 disponible per a respondre a totes les teves preguntes<\/strong>. Completa el formulari o crida&#8217;ns directament per a comen\u00e7ar a crear la llar dels teus somnis.<\/p>\n<p>[\/et_pb_text][et_pb_code _builder_version=&#8221;4.25.2&#8243; _module_preset=&#8221;default&#8221; custom_css_free_form=&#8221;selector ul{||  list-style:none;||  padding-left:0;||}&#8221; locked=&#8221;off&#8221; global_colors_info=&#8221;{}&#8221;]<\/p>\n<ul><!-- [et_pb_line_break_holder] --><\/p>\n<li class=\"location\"><a href=\"https:\/\/maps.app.goo.gl\/8ws155ekpjyKXXf26\" target=\"_blank\" rel=\"noopener\">Carrer del Clot, 13, local<\/br> 08018 Barcelona<\/a><\/li>\n<p><!-- [et_pb_line_break_holder] --><\/p>\n<li><a href=\"tel:+34930107192\" target=\"_blank\" rel=\"noopener\">+34 930 107 192<\/a> <\/li>\n<p><!-- [et_pb_line_break_holder] --><\/p>\n<li><a href=\"tel:+34625353832\" target=\"_blank\" rel=\"noopener\">+34 625 353 832<\/a> <\/li>\n<p><!-- [et_pb_line_break_holder] --><\/p>\n<li><a href=\"mailto:info@rennova.com\" target=\"_blank\" rel=\"noopener\">info@rennova.com<\/a><\/li>\n<p><!-- [et_pb_line_break_holder] --><\/ul>\n<p>[\/et_pb_code][\/et_pb_column][et_pb_column type=&#8221;2_5&#8243; _builder_version=&#8221;4.25.2&#8243; _module_preset=&#8221;default&#8221; global_colors_info=&#8221;{}&#8221;][et_pb_code _builder_version=&#8221;4.25.2&#8243; _module_preset=&#8221;default&#8221; global_colors_info=&#8221;{}&#8221;]<iframe src=\"https:\/\/www.google.com\/maps\/embed?pb=!1m14!1m8!1m3!1d5041.359495687129!2d2.18602435638574!3d41.40479635977911!3m2!1i1024!2i768!4f13.1!3m3!1m2!1s0x12a4a385cabe61b3%3A0x49b78c0c2cb84974!2sRennova%20-%20Reformas%20Integrales%20en%20Barcelona!5e0!3m2!1ses!2ses!4v1740580860463!5m2!1ses!2ses\" width=\"600\" height=\"450\" style=\"border:0;\" allowfullscreen=\"\" loading=\"lazy\" referrerpolicy=\"no-referrer-when-downgrade\"><\/iframe>[\/et_pb_code][\/et_pb_column][\/et_pb_row][\/et_pb_section][et_pb_section fb_built=&#8221;1&#8243; _builder_version=&#8221;4.25.2&#8243; _module_preset=&#8221;default&#8221; background_color=&#8221;#f8f8f8&#8243; custom_margin=&#8221;3em||0px||false|false&#8221; custom_padding=&#8221;0px||0px||true|false&#8221; background_last_edited=&#8221;off|desktop&#8221; use_background_color_gradient_tablet=&#8221;off&#8221; saved_tabs=&#8221;all&#8221; locked=&#8221;off&#8221; global_colors_info=&#8221;{}&#8221;][et_pb_row column_structure=&#8221;2_5,3_5&#8243; make_equal=&#8221;on&#8221; _builder_version=&#8221;4.25.2&#8243; _module_preset=&#8221;default&#8221; custom_padding=&#8221;4em||4em||true|false&#8221; global_colors_info=&#8221;{}&#8221;][et_pb_column type=&#8221;2_5&#8243; _builder_version=&#8221;4.25.2&#8243; _module_preset=&#8221;default&#8221; background_enable_color=&#8221;off&#8221; global_colors_info=&#8221;{}&#8221;][et_pb_text _builder_version=&#8221;4.25.2&#8243; _module_preset=&#8221;default&#8221; text_font=&#8221;|300|||||||&#8221; text_font_size=&#8221;18px&#8221; custom_margin=&#8221;||1em||false|false&#8221; global_colors_info=&#8221;{}&#8221;]<\/p>\n<p>VOLS COMENTAR EL TEU PROJECTE DE REFORMA?<\/p>\n<p>[\/et_pb_text][et_pb_text _builder_version=&#8221;4.25.2&#8243; _module_preset=&#8221;default&#8221; header_text_color=&#8221;#000000&#8243; header_font_size=&#8221;42px&#8221; header_line_height=&#8221;1.2em&#8221; header_2_text_color=&#8221;#000000&#8243; header_2_font_size=&#8221;42px&#8221; header_2_line_height=&#8221;1.2em&#8221; custom_margin=&#8221;||1em||false|false&#8221; hover_enabled=&#8221;0&#8243; header_2_font_size_tablet=&#8221;&#8221; header_2_font_size_phone=&#8221;30px&#8221; header_2_font_size_last_edited=&#8221;on|phone&#8221; global_colors_info=&#8221;{}&#8221; sticky_enabled=&#8221;0&#8243;]<\/p>\n<h2>Posa&#8217;t en contacte<br \/>amb nosaltres<\/h2>\n<p>[\/et_pb_text][et_pb_text _builder_version=&#8221;4.25.2&#8243; _module_preset=&#8221;default&#8221; hover_enabled=&#8221;0&#8243; global_colors_info=&#8221;{}&#8221; sticky_enabled=&#8221;0&#8243;]<\/p>\n<p>Omple el seg\u00fcent formulari de contacte parlant-nos del teu projecte i aix\u00ed podrem entendre quins s\u00f3n <strong>els teus necessitats<\/strong>.<\/p>\n<p>Un dels nostres assessors t\u00e8cnics es posar\u00e0 en contacte amb tu al m\u00e9s aviat possible.<\/p>\n<p>Ets a un pas de fer realitat la reforma dels teus somnis. Confia en <strong>la nostra experi\u00e8ncia i professionalitat<\/strong>, per a oferir-te les opcions que millor encaixin amb les teves expectatives.<\/p>\n<p>[\/et_pb_text][\/et_pb_column][et_pb_column type=&#8221;3_5&#8243; _builder_version=&#8221;4.25.2&#8243; _module_preset=&#8221;default&#8221; global_colors_info=&#8221;{}&#8221;][et_pb_code _builder_version=&#8221;4.25.2&#8243; _module_preset=&#8221;default&#8221; global_colors_info=&#8221;{}&#8221;]\n<div class=\"wpcf7 no-js\" id=\"wpcf7-f895-o1\" lang=\"es-ES\" dir=\"ltr\" data-wpcf7-id=\"895\">\n<div class=\"screen-reader-response\"><p role=\"status\" aria-live=\"polite\" aria-atomic=\"true\"><\/p> <ul><\/ul><\/div>\n<form action=\"\/ca\/wp-json\/wp\/v2\/pages\/903#wpcf7-f895-o1\" method=\"post\" class=\"wpcf7-form init cf7mls-no-scroll cf7mls-auto-return-first-step cf7mls-no-moving-animation\" aria-label=\"Formulario de contacto\" novalidate=\"novalidate\" data-status=\"init\">\n<fieldset class=\"hidden-fields-container\"><input type=\"hidden\" name=\"_wpcf7\" value=\"895\" \/><input type=\"hidden\" name=\"_wpcf7_version\" value=\"6.1.5\" \/><input type=\"hidden\" name=\"_wpcf7_locale\" value=\"es_ES\" \/><input type=\"hidden\" name=\"_wpcf7_unit_tag\" value=\"wpcf7-f895-o1\" \/><input type=\"hidden\" name=\"_wpcf7_container_post\" value=\"0\" \/><input type=\"hidden\" name=\"_wpcf7_posted_data_hash\" value=\"\" \/>\n<\/fieldset>\n<div class=\"form-izq\">\n\t<p><span class=\"wpcf7-form-control-wrap\" data-name=\"your-name\"><input size=\"40\" maxlength=\"400\" class=\"wpcf7-form-control wpcf7-text wpcf7-validates-as-required\" autocomplete=\"name\" aria-required=\"true\" aria-invalid=\"false\" placeholder=\"Nom *\" value=\"\" type=\"text\" name=\"your-name\" \/><\/span>\n\t<\/p>\n<\/div>\n<div class=\"form-dch\">\n\t<p><span class=\"wpcf7-form-control-wrap\" data-name=\"your-email\"><input size=\"40\" maxlength=\"400\" class=\"wpcf7-form-control wpcf7-email wpcf7-validates-as-required wpcf7-text wpcf7-validates-as-email\" autocomplete=\"email\" aria-required=\"true\" aria-invalid=\"false\" placeholder=\"Email *\" value=\"\" type=\"email\" name=\"your-email\" \/><\/span>\n\t<\/p>\n<\/div>\n<div class=\"form-izq\">\n\t<p><span class=\"wpcf7-form-control-wrap\" data-name=\"telefono\"><input size=\"40\" maxlength=\"400\" class=\"wpcf7-form-control wpcf7-tel wpcf7-validates-as-required wpcf7-text wpcf7-validates-as-tel\" autocomplete=\"phone\" aria-required=\"true\" aria-invalid=\"false\" placeholder=\"Tel\u00e8fon *\" value=\"\" type=\"tel\" name=\"telefono\" \/><\/span>\n\t<\/p>\n<\/div>\n<div class=\"form-dch\">\n\t<p><span class=\"wpcf7-form-control-wrap\" data-name=\"tipo-reforma\"><select class=\"wpcf7-form-control wpcf7-select wpcf7-validates-as-required\" aria-required=\"true\" aria-invalid=\"false\" name=\"tipo-reforma\"><option value=\"\">Selecciona el tipus de projecte *<\/option><option value=\"Reforma integral\">Reforma integral<\/option><option value=\"Reforma de cuina\">Reforma de cuina<\/option><option value=\"Reforma de bany\">Reforma de bany<\/option><option value=\"Reforma de comunitat\">Reforma de comunitat<\/option><option value=\"Reforma Local\">Reforma Local<\/option><option value=\"Rehabilitaci\u00f3 d&#039;edifici\">Rehabilitaci\u00f3 d&#039;edifici<\/option><option value=\"Reformar per a llogar\">Reformar per a llogar<\/option><\/select><\/span>\n\t<\/p>\n<\/div>\n<div class=\"form-izq\">\n\t<p><span class=\"wpcf7-form-control-wrap\" data-name=\"fecha-inicio\"><input size=\"40\" maxlength=\"400\" class=\"wpcf7-form-control wpcf7-text wpcf7-validates-as-required\" id=\"fecha-inicio-reforma\" aria-required=\"true\" aria-invalid=\"false\" placeholder=\"Data d&#039;inici de la reforma\" value=\"\" type=\"text\" name=\"fecha-inicio\" \/><\/span>\n\t<\/p>\n<\/div>\n<div class=\"form-dch\">\n\t<p><span class=\"wpcf7-form-control-wrap\" data-name=\"Rangodepresupuesto\"><select class=\"wpcf7-form-control wpcf7-select wpcf7-validates-as-required\" aria-required=\"true\" aria-invalid=\"false\" name=\"Rangodepresupuesto\"><option value=\"\">Rang de pressupost<\/option><option value=\"Menys de 40.000\u20ac\">Menys de 40.000\u20ac<\/option><option value=\"Fins 40.000\u20ac\">Fins 40.000\u20ac<\/option><option value=\"Fins 80.000\">Fins 80.000<\/option><option value=\"Fins 100.000\u20ac\">Fins 100.000\u20ac<\/option><option value=\"Fins 150.000\u20ac\">Fins 150.000\u20ac<\/option><option value=\"Fins 200.000\u20ac\">Fins 200.000\u20ac<\/option><option value=\"M\u00e9s de 200.000\u20ac\">M\u00e9s de 200.000\u20ac<\/option><\/select><\/span>\n\t<\/p>\n<\/div>\n<div class=\"form-izq\">\n\t<p><span class=\"wpcf7-form-control-wrap\" data-name=\"localidad\"><input size=\"40\" maxlength=\"400\" class=\"wpcf7-form-control wpcf7-text wpcf7-validates-as-required\" aria-required=\"true\" aria-invalid=\"false\" placeholder=\"Localitat *\" value=\"\" type=\"text\" name=\"localidad\" \/><\/span>\n\t<\/p>\n<\/div>\n<div class=\"form-dch\">\n\t<p><span class=\"wpcf7-form-control-wrap\" data-name=\"provincia\"><input size=\"40\" maxlength=\"400\" class=\"wpcf7-form-control wpcf7-text wpcf7-validates-as-required\" aria-required=\"true\" aria-invalid=\"false\" placeholder=\"Prov\u00edncia *\" value=\"\" type=\"text\" name=\"provincia\" \/><\/span>\n\t<\/p>\n<\/div>\n<div class=\"form-full\">\n\t<p><span class=\"wpcf7-form-control-wrap\" data-name=\"your-message\"><textarea cols=\"40\" rows=\"10\" maxlength=\"2000\" class=\"wpcf7-form-control wpcf7-textarea\" aria-invalid=\"false\" placeholder=\"Com \u00e9s el teu projecte?\" name=\"your-message\"><\/textarea><\/span>\n\t<\/p>\n<\/div>\n<div class=\"form-izq\">\n\t<div class=\"privacidad\">\n\t\t<p><label><span class=\"wpcf7-form-control-wrap\" data-name=\"privacidad\"><span class=\"wpcf7-form-control wpcf7-acceptance\"><span class=\"wpcf7-list-item\"><input type=\"checkbox\" name=\"privacidad\" value=\"1\" aria-invalid=\"false\" \/><\/span><\/span><\/span> He llegit i accepto la <a href=\"\/politica-de-privacidad\/\" target=\"_blank\" rel=\"noopener\">pol\u00edtica de privacitat<\/a>.<\/label>\n\t\t<\/p>\n\t<\/div>\n<\/div>\n<div class=\"form-izq\">\n\t<p><span id=\"wpcf7-6a0331b53b4ed-wrapper\" class=\"wpcf7-form-control-wrap email-wrap\" style=\"display:none !important; visibility:hidden !important;\"><label for=\"wpcf7-6a0331b53b4ed-field\" class=\"hp-message\">Por favor, deja este campo vac\u00edo.<\/label><input id=\"wpcf7-6a0331b53b4ed-field\"  class=\"wpcf7-form-control wpcf7-text\" type=\"text\" name=\"email\" value=\"\" size=\"40\" tabindex=\"-1\" autocomplete=\"new-password\" \/><\/span><br \/>\n<input class=\"wpcf7-form-control wpcf7-submit has-spinner\" type=\"submit\" value=\"Enviar\" \/>\n\t<\/p>\n<\/div><div class=\"wpcf7-response-output\" aria-hidden=\"true\"><\/div>\n<\/form>\n<\/div>\n[\/et_pb_code][\/et_pb_column][\/et_pb_row][\/et_pb_section]<\/p>\n","protected":false},"excerpt":{"rendered":"<p>CONTACTEEt podem ajudar?A Rennova, som aqu\u00ed per a ajudar-te a transformar els teus espais. Contacta&#8217;ns avui per a discutir el teu projecte de reforma i descobreix com podem fer realitat les teves idees. El nostre equip d&#8217;experts en reformes est\u00e0 disponible per a respondre a totes les teves preguntes. Completa el formulari o crida&#8217;ns directament [&hellip;]<\/p>\n","protected":false},"author":1,"featured_media":0,"parent":0,"menu_order":0,"comment_status":"closed","ping_status":"closed","template":"","meta":{"_acf_changed":false,"_et_pb_use_builder":"on","_et_pb_old_content":"","_et_gb_content_width":"","inline_featured_image":false,"footnotes":""},"class_list":["post-903","page","type-page","status-publish","hentry"],"acf":[],"yoast_head":"<!-- This site is optimized with the Yoast SEO plugin v27.5 - https:\/\/yoast.com\/product\/yoast-seo-wordpress\/ -->\n<title>Contacta amb nosaltres - Rennova<\/title>\n<meta name=\"description\" content=\"Experts en reformes situats a Barcelona. Si necessites un pressupost de reforma no dubtis a reservar una visita amb nosaltres. Contacta ara!\" \/>\n<meta name=\"robots\" content=\"index, follow, max-snippet:-1, max-image-preview:large, max-video-preview:-1\" \/>\n<link rel=\"canonical\" href=\"https:\/\/rennovabarcelona.com\/contacto\/\" \/>\n<meta property=\"og:locale\" content=\"ca_ES\" \/>\n<meta property=\"og:type\" content=\"article\" \/>\n<meta property=\"og:title\" content=\"Contacta amb nosaltres - Rennova\" \/>\n<meta property=\"og:description\" content=\"Experts en reformes situats a Barcelona. Si necessites un pressupost de reforma no dubtis a reservar una visita amb nosaltres. Contacta ara!\" \/>\n<meta property=\"og:url\" content=\"https:\/\/rennovabarcelona.com\/contacto\/\" \/>\n<meta property=\"og:site_name\" content=\"Rennova\" \/>\n<meta property=\"article:modified_time\" content=\"2025-07-30T10:26:51+00:00\" \/>\n<meta name=\"twitter:card\" content=\"summary_large_image\" \/>\n<meta name=\"twitter:label1\" content=\"Temps estimat de lectura\" \/>\n\t<meta name=\"twitter:data1\" content=\"3 minuts\" \/>\n<script type=\"application\/ld+json\" class=\"yoast-schema-graph\">{\"@context\":\"https:\\\/\\\/schema.org\",\"@graph\":[{\"@type\":\"WebPage\",\"@id\":\"https:\\\/\\\/rennovabarcelona.com\\\/contacto\\\/\",\"url\":\"https:\\\/\\\/rennovabarcelona.com\\\/contacto\\\/\",\"name\":\"Contacta amb nosaltres - Rennova\",\"isPartOf\":{\"@id\":\"https:\\\/\\\/rennovabarcelona.com\\\/#website\"},\"datePublished\":\"2024-09-04T11:49:18+00:00\",\"dateModified\":\"2025-07-30T10:26:51+00:00\",\"description\":\"Experts en reformes situats a Barcelona. Si necessites un pressupost de reforma no dubtis a reservar una visita amb nosaltres. Contacta ara!\",\"breadcrumb\":{\"@id\":\"https:\\\/\\\/rennovabarcelona.com\\\/contacto\\\/#breadcrumb\"},\"inLanguage\":\"ca\",\"potentialAction\":[{\"@type\":\"ReadAction\",\"target\":[\"https:\\\/\\\/rennovabarcelona.com\\\/contacto\\\/\"]}]},{\"@type\":\"BreadcrumbList\",\"@id\":\"https:\\\/\\\/rennovabarcelona.com\\\/contacto\\\/#breadcrumb\",\"itemListElement\":[{\"@type\":\"ListItem\",\"position\":1,\"name\":\"Home\",\"item\":\"https:\\\/\\\/rennovabarcelona.com\\\/ca\\\/\"},{\"@type\":\"ListItem\",\"position\":2,\"name\":\"Contacte\"}]},{\"@type\":\"WebSite\",\"@id\":\"https:\\\/\\\/rennovabarcelona.com\\\/#website\",\"url\":\"https:\\\/\\\/rennovabarcelona.com\\\/\",\"name\":\"Rennova\",\"description\":\"\",\"potentialAction\":[{\"@type\":\"SearchAction\",\"target\":{\"@type\":\"EntryPoint\",\"urlTemplate\":\"https:\\\/\\\/rennovabarcelona.com\\\/?s={search_term_string}\"},\"query-input\":{\"@type\":\"PropertyValueSpecification\",\"valueRequired\":true,\"valueName\":\"search_term_string\"}}],\"inLanguage\":\"ca\"}]}<\/script>\n<!-- \/ Yoast SEO plugin. -->","yoast_head_json":{"title":"Contacta amb nosaltres - Rennova","description":"Experts en reformes situats a Barcelona. Si necessites un pressupost de reforma no dubtis a reservar una visita amb nosaltres. Contacta ara!","robots":{"index":"index","follow":"follow","max-snippet":"max-snippet:-1","max-image-preview":"max-image-preview:large","max-video-preview":"max-video-preview:-1"},"canonical":"https:\/\/rennovabarcelona.com\/contacto\/","og_locale":"ca_ES","og_type":"article","og_title":"Contacta amb nosaltres - Rennova","og_description":"Experts en reformes situats a Barcelona. Si necessites un pressupost de reforma no dubtis a reservar una visita amb nosaltres. Contacta ara!","og_url":"https:\/\/rennovabarcelona.com\/contacto\/","og_site_name":"Rennova","article_modified_time":"2025-07-30T10:26:51+00:00","twitter_card":"summary_large_image","twitter_misc":{"Temps estimat de lectura":"3 minuts"},"schema":{"@context":"https:\/\/schema.org","@graph":[{"@type":"WebPage","@id":"https:\/\/rennovabarcelona.com\/contacto\/","url":"https:\/\/rennovabarcelona.com\/contacto\/","name":"Contacta amb nosaltres - Rennova","isPartOf":{"@id":"https:\/\/rennovabarcelona.com\/#website"},"datePublished":"2024-09-04T11:49:18+00:00","dateModified":"2025-07-30T10:26:51+00:00","description":"Experts en reformes situats a Barcelona. Si necessites un pressupost de reforma no dubtis a reservar una visita amb nosaltres. Contacta ara!","breadcrumb":{"@id":"https:\/\/rennovabarcelona.com\/contacto\/#breadcrumb"},"inLanguage":"ca","potentialAction":[{"@type":"ReadAction","target":["https:\/\/rennovabarcelona.com\/contacto\/"]}]},{"@type":"BreadcrumbList","@id":"https:\/\/rennovabarcelona.com\/contacto\/#breadcrumb","itemListElement":[{"@type":"ListItem","position":1,"name":"Home","item":"https:\/\/rennovabarcelona.com\/ca\/"},{"@type":"ListItem","position":2,"name":"Contacte"}]},{"@type":"WebSite","@id":"https:\/\/rennovabarcelona.com\/#website","url":"https:\/\/rennovabarcelona.com\/","name":"Rennova","description":"","potentialAction":[{"@type":"SearchAction","target":{"@type":"EntryPoint","urlTemplate":"https:\/\/rennovabarcelona.com\/?s={search_term_string}"},"query-input":{"@type":"PropertyValueSpecification","valueRequired":true,"valueName":"search_term_string"}}],"inLanguage":"ca"}]}},"_links":{"self":[{"href":"https:\/\/rennovabarcelona.com\/ca\/wp-json\/wp\/v2\/pages\/903","targetHints":{"allow":["GET"]}}],"collection":[{"href":"https:\/\/rennovabarcelona.com\/ca\/wp-json\/wp\/v2\/pages"}],"about":[{"href":"https:\/\/rennovabarcelona.com\/ca\/wp-json\/wp\/v2\/types\/page"}],"author":[{"embeddable":true,"href":"https:\/\/rennovabarcelona.com\/ca\/wp-json\/wp\/v2\/users\/1"}],"replies":[{"embeddable":true,"href":"https:\/\/rennovabarcelona.com\/ca\/wp-json\/wp\/v2\/comments?post=903"}],"version-history":[{"count":17,"href":"https:\/\/rennovabarcelona.com\/ca\/wp-json\/wp\/v2\/pages\/903\/revisions"}],"predecessor-version":[{"id":2181,"href":"https:\/\/rennovabarcelona.com\/ca\/wp-json\/wp\/v2\/pages\/903\/revisions\/2181"}],"wp:attachment":[{"href":"https:\/\/rennovabarcelona.com\/ca\/wp-json\/wp\/v2\/media?parent=903"}],"curies":[{"name":"wp","href":"https:\/\/api.w.org\/{rel}","templated":true}]}}